{"id":1410,"date":"2015-02-05T22:03:33","date_gmt":"2015-02-05T21:03:33","guid":{"rendered":"http:\/\/www.ratkayimola.hu\/wp\/?page_id=1410"},"modified":"2015-07-05T22:41:25","modified_gmt":"2015-07-05T21:41:25","slug":"kutatasok","status":"publish","type":"page","link":"https:\/\/www.ratkayimola.hu\/?page_id=1410","title":{"rendered":"Kutat\u00e1sok"},"content":{"rendered":"<p style=\"text-align: justify;\"><a href=\"http:\/\/www.ratkayimola.hu\/wp-content\/uploads\/2015\/02\/kutatas.jpg\"><img loading=\"lazy\" decoding=\"async\" class=\"alignright wp-image-2137\" src=\"http:\/\/www.ratkayimola.hu\/wp-content\/uploads\/2015\/02\/kutatas-300x213.jpg\" alt=\"kutatas\" width=\"400\" height=\"285\" srcset=\"https:\/\/www.ratkayimola.hu\/wp-content\/uploads\/2015\/02\/kutatas-300x213.jpg 300w, https:\/\/www.ratkayimola.hu\/wp-content\/uploads\/2015\/02\/kutatas.jpg 409w\" sizes=\"auto, (max-width: 400px) 100vw, 400px\" \/><\/a><\/p>\n<p style=\"text-align: justify;\"><strong>Ratkay-Traub I<\/strong>, Juhasz T, Horvath C, Suarez C, Kiss K, Ferincz I, Kurtz R: Ultra-short Pulse (Femtosecond) Laser Surgery: Initial Use in LASIK Flap Creation. <strong>Ophthalmology Clinics of North America<\/strong> 14, 347-355 (<strong>2001<\/strong>)<\/p>\n<p style=\"text-align: justify;\"><strong>Ratkay-Traub I<\/strong>, Hopp B, Bor Zs, Dux L, Becker DL, Krenacs T: Regeneration of rabbit cornea following excimer laser photorefractive keratectomy: a study on gap junctions, epithelial junctions and epidermal growth factor receptor expression in correlation with cell proliferation. <strong>Exp Eye Res<\/strong> 73, 291-302 (2001)<\/p>\n<p style=\"text-align: justify;\"><strong>Ratkay-Traub I<\/strong>, Ferincz IE, Juhasz T, Kurtz RM, Krueger RR: First clinical results with the femtosecond Neodynium-glass laser in refractive surgery. <strong>J. Refractive Surgery<\/strong> 19, 94-103 (<strong>2003<\/strong>)<\/p>\n<p style=\"text-align: justify;\"><strong>Ratkay-Traub I<\/strong>, Kurtz R, Juhasz T, Nordan LT: LASIK Flaps with the Femtosecond Laser. Technical Background, Clinical Development and Initial Results. <strong>Lucio Buratto: &#8222;Custom LASIK. Surgical Techniques and Complications&#8221;<\/strong>, Ed. SLACK Incorp Publ 2003. Chapter 24, S: 627-634.<\/p>\n<p style=\"text-align: justify;\"><strong>Ratkay Imola<\/strong>: <strong><em>Az els\u0151 femtol\u00e9zeres szaruh\u00e1rtyam\u0171t\u00e9tek<\/em><\/strong> hossz\u00fa t\u00e1v\u00fa tapasztalatai. (<strong>A F\u00e9ny\u00a0\u00c9ve<\/strong>: A <strong>femtol\u00e9zerek<\/strong> szerepe a szem seb\u00e9szeti beavatkoz\u00e1saiban, <strong>MTA<\/strong>, Budapest, <strong>2015<\/strong>. j\u00fanius 15.)<\/p>\n<p style=\"text-align: justify;\">5 Questions from<strong> Imola Ratkay-Traub MD<\/strong>, <strong>PhD<\/strong>. <strong>Cataract &amp; Refractive Surgery<\/strong> Europe. V7,\u00a0No. 3. 66. (<strong>2012<\/strong>.)<\/p>\n<p style=\"text-align: justify;\"><strong>Ratkay-Traub I<\/strong>.: Long term follo-up of presbyopia treatment. Ophthalmology Times Europe.\u00a0V10.N2 26-29. (2014.)<\/p>\n<p style=\"text-align: justify;\"><strong>Ratkay I<\/strong>, F\u00f6rster W, Busse H, Kolozsv\u00e1ri L: Tapasztalataink a szaruh\u00e1rtya excimer l\u00e9zeres fototer\u00e1pi\u00e1j\u00e1ban. II. Pterygium. <strong>Szem\u00e9szet<\/strong> 135, 155-158 (1998)<\/p>\n<p style=\"text-align: justify;\"><strong>Ratkay I<\/strong>, F\u00f6rster W, Busse H, Kolozsv\u00e1ri L: Tapasztalataink a szaruh\u00e1rtya excimer l\u00e9zeres fototer\u00e1pi\u00e1j\u00e1ban. I. Disztr\u00f3fi\u00e1s \u00e9s hegesed\u00e9ssel j\u00e1r\u00f3 esetek. <strong>Szem\u00e9szet<\/strong> 135, 146-151 (1998)<\/p>\n<p style=\"text-align: justify;\"><strong>Ratkay I<\/strong>, Grenzebach U, Busse H, Kolozsv\u00e1ri L: A szemh\u00e9j rekonstrukci\u00f3ja autol\u00f3g f\u00fclporc be\u00fcltet\u00e9s\u00e9vel. <strong>Szem\u00e9szet<\/strong> 133, 73-76 (1996)<\/p>\n<p style=\"text-align: justify;\"><strong><a href=\"http:\/\/www.ratkayimola.hu\/wp-content\/uploads\/2015\/02\/szem.jpg\"><img loading=\"lazy\" decoding=\"async\" class=\"alignright wp-image-2349\" src=\"http:\/\/www.ratkayimola.hu\/wp-content\/uploads\/2015\/02\/szem.jpg\" alt=\"szem\" width=\"400\" height=\"282\" srcset=\"https:\/\/www.ratkayimola.hu\/wp-content\/uploads\/2015\/02\/szem.jpg 364w, https:\/\/www.ratkayimola.hu\/wp-content\/uploads\/2015\/02\/szem-300x211.jpg 300w\" sizes=\"auto, (max-width: 400px) 100vw, 400px\" \/><\/a>Ratkay I<\/strong>, Grenzebach U, Busse H, F\u00f6rster W: Reconstruction of the eyelid by autologous ear cartilage transplantation. XIth Congress of the European Society of Ophthalmology. Ed. I. S\u00fcveges, P. Follmann. Monduzzi Editore, 1997. S.: 1301-1305.<\/p>\n<p style=\"text-align: justify;\"><strong>Ratkay I<\/strong>, Ferincz IE: 1000 LASIK \u00e9s PRK kezel\u00e9s statisztikai eredm\u00e9nyeinek \u00f6sszehasonl\u00edt\u00e1sa.\u00a0B\u00edr\u00f3 Zs, Szalczer L: A sz\u00fcrkeh\u00e1lyog \u00e9s refrakt\u00edv seb\u00e9szet leg\u00fajabb eredm\u00e9nyei. \u00a0A Magyar\u00a0M\u0171lencse Implant\u00e1ci\u00f3s T\u00e1rsas\u00e1g \u00e9s Refrakt\u00edv Seb\u00e9szeti T\u00e1rsas\u00e1g 16. Kongresszusa. Ed. P\u00e9cs 2006,\u00a0S: 144-149. ISBN 963 229 312 6<\/p>\n<p style=\"text-align: justify;\"><strong>Ratkay I,<\/strong> Polg\u00e1r N, Ferincz I, Bor Zs, Juh\u00e1sz T: Pulsion FS Femtosecundumos l\u00e9zerrel szerzett\u00a0els\u0151 hazai tapasztalatok. B\u00edr\u00f3 Zs, Szalczer L: A sz\u00fcrkeh\u00e1lyog \u00e9s refrakt\u00edv seb\u00e9szet leg\u00fajabb\u00a0eredm\u00e9nyei. SHIOL szem\u00e9szeti konferencia 2005, Ed. P\u00e9cs 2006, S: 179-188. ISBN 963 229 312 6<\/p>\n<p style=\"text-align: justify;\"><strong>Ratkay I<\/strong>, Ferincz I.E, Juh\u00e1sz T: Az \u00faj Femtoszekundumos l\u00e9zerrel szerzett egy\u00e9ves\u00a0tapasztalataink \u00f6sszehasonl\u00edt\u00e1sa az 1998-2000 eredm\u00e9nyeinkkel. B\u00edr\u00f3 Zs, Szalczer L: A\u00a0sz\u00fcrkeh\u00e1lyog \u00e9s refrakt\u00edv seb\u00e9szet leg\u00fajabb eredm\u00e9nyei. SHIOL szem\u00e9szeti konferencia 2006, \u00a0Ed.\u00a0P\u00e9cs 2007, S: 161-168. ISBN 978 963 06 2080 2<\/p>\n<p style=\"text-align: justify;\"><strong>Ratkay I,<\/strong> Ferincz IE : K\u00fcl\u00f6nb\u00f6z\u0151 excimer l\u00e9zerekkel v\u00e9gzett PRK \u00e9s IntraLasik eredm\u00e9nyek\u00a0\u00f6sszehasonl\u00edt\u00e1sa. B\u00edr\u00f3 Zs, Szalczer L: SHIOL szem\u00e9szeti konferencia 2007, Ed. MacMaestro, S:\u00a0150-156. ISBN 978 963 06 4510 2<\/p>\n<p style=\"text-align: justify;\"><a href=\"http:\/\/www.ratkayimola.hu\/wp-content\/uploads\/2015\/02\/kutatasok-400.jpg\" target=\"_blank\"><img loading=\"lazy\" decoding=\"async\" class=\"alignright wp-image-2152 size-full\" src=\"http:\/\/www.ratkayimola.hu\/wp-content\/uploads\/2015\/02\/kutatasok-400.jpg\" alt=\"kutatasok-400\" width=\"400\" height=\"559\" srcset=\"https:\/\/www.ratkayimola.hu\/wp-content\/uploads\/2015\/02\/kutatasok-400.jpg 400w, https:\/\/www.ratkayimola.hu\/wp-content\/uploads\/2015\/02\/kutatasok-400-214x300.jpg 214w\" sizes=\"auto, (max-width: 400px) 100vw, 400px\" \/><\/a><strong>Ratkay-Traub I<\/strong> : My learning experience with the Intralase Laser: 1998 vs. 2005. (Invited speaker for 18th Annual Meeting of German Ophthalmic Surgeons (DOC), N\u00fcrnberg )<\/p>\n<p style=\"text-align: justify;\"><strong>Ratkay-Traub I<\/strong>: Fundamentals of Femtosecond Laser Eye Surgery. (Invited speaker for the 1th International Conference on Femtosecond Laser Ophthalmology: Surgery and Imaging, Paris)<\/p>\n<p style=\"text-align: justify;\"><strong>Ratkay-Traub I<\/strong>: Clinical applications of the femtosecond-laser in refractive surgery and corneal surgery. (Invited speaker for the 21 th Laserseminar, Regensburg)<\/p>\n<p style=\"text-align: justify;\"><strong>Ratkay I<\/strong> , Ferincz I.E: 1000 Lasik \u00e9s PRK kezel\u00e9s statisztikai eredm\u00e9nyeinek \u00f6sszehasonl\u00edt\u00e1sa. (SHIOL, Keszthely)<\/p>\n<p style=\"text-align: justify;\"><strong>Ratkay-Traub I<\/strong>, Krueger R, Slade S, Binder PS et al: Laser Technology of Creating the Flap. Results of a prospective, multicenter clinical trial of laser keratome. ( XXIth Congress of the ESCRS, Munich)<\/p>\n<p style=\"text-align: justify;\"><strong>Ratkay-Traub I<\/strong>: Corneal Surgery with the IntraLase Femtosecond Laser. ( Invited speaker for the 8 th Winter Refractive Surgery Meeting of the ESCRS, Barcelona)<\/p>\n<p style=\"text-align: justify;\"><strong>Ratkay-Traub I<\/strong>: Corneal Surgery with the IntraLase Femtosecond Laser. History and Development of the Technology. Developing Clinical Applications. (Invited speaker for the VideoRefractive 2004, Milan)<\/p>\n<p style=\"text-align: justify;\"><strong>Ratkay-Traub I<\/strong>: Laser technology of creating the flap. (Invited speaker for the &#8222;Second International Refractive and Corneal Surgery Conference&#8221;, Dead Sea, Israel)<\/p>\n<p style=\"text-align: justify;\"><strong>Ratkay I<\/strong>, Kiss K, Erd\u0151s A, Fachmann K\u2026: Nagy esetsz\u00e1m\u00fa LASIK \u00e9s PRK kezel\u00e9sek hossz\u00fat\u00e1v\u00fa eredm\u00e9nyeinek \u00f6sszehasonl\u00edt\u00e1sa. (Magyar Szemorvos T\u00e1rsas\u00e1g Kongresszusa, Budapest)<\/p>\n<p style=\"text-align: justify;\"><strong>Ratkay-Traub I<\/strong>: Intrastromal cutting procedures with a femtosecond laser: Initial clinical experience. (Key-note lecture, invited speaker: Alicante Refractive 2002, Alicante)<\/p>\n<p style=\"text-align: justify;\"><strong>Ratkay-Traub I<\/strong>: Femtosecond lasers &#8211; clinical results &amp; future applica<img loading=\"lazy\" decoding=\"async\" class=\"alignright wp-image-2154\" src=\"http:\/\/www.ratkayimola.hu\/wp-content\/uploads\/2015\/02\/kut1-300x212.jpg\" alt=\"kut1\" width=\"400\" height=\"284\" srcset=\"https:\/\/www.ratkayimola.hu\/wp-content\/uploads\/2015\/02\/kut1-300x212.jpg 300w, https:\/\/www.ratkayimola.hu\/wp-content\/uploads\/2015\/02\/kut1.jpg 547w\" sizes=\"auto, (max-width: 400px) 100vw, 400px\" \/>tions. (Invited speaker for ISRS section at XXth Congress of the ESCRS, Nice)<\/p>\n<p style=\"text-align: justify;\"><strong>Ratkay-Traub I<\/strong>: IntraLase for Anterior Lamellar Surgery. (Invited Speaker and Moderator for the ISRS Fall World Refractive Surgery Symposium. New Orleans, Louisiana, USA)<\/p>\n<p style=\"text-align: justify;\"><strong>Ratkay I.<\/strong> Hopp B, Dux L, Kren\u00e1cs T: Direkt sejt-sejt kommunik\u00e1ci\u00f3, sejtkapcsol\u00f3 strukt\u00far\u00e1k \u00e9s sejtprolifer\u00e1ci\u00f3 v\u00e1ltoz\u00e1sa ny\u00falcornea excimer l\u00e9zerkezel\u00e9st k\u00f6vet\u0151 regener\u00e1ci\u00f3j\u00e1ban. (SHIOL, Keszthely)<\/p>\n<p style=\"text-align: justify;\"><strong>Ratkay-Traub I<\/strong>: &#8222;What&#8217;s the latest news for LASIK: technique and instruments&#8221; (Invited Speaker for Videorefracive 2001, Milan-Rome)<\/p>\n<p style=\"text-align: justify;\"><strong>Dr. Ratkay Imola<\/strong>: Nem OEP-finansz\u00edrozott egynapos szem\u00e9szeti m\u0171t\u00e9tek t\u00edz\u00e9ves tapasztalata. (Megh\u00edvott el\u0151ad\u00f3 &#8211; II. Orsz\u00e1gos j\u00e1r\u00f3beteg-szakell\u00e1t\u00e1si konferencia, Balatonaliga)<\/p>\n<p style=\"text-align: justify;\"><strong>Ratkay-Traub I<\/strong>: Clinical Experience with a Femtosecond Laser Microkeratome. (Invited Speaker and Moderator for the ISRS Fall World Refractive Surgery Symposium. Dallas, Texas, USA)<\/p>\n<p style=\"text-align: justify;\"><strong>Ratkay-Traub I<\/strong> , Ferincz I, Kiss K, Kurtz R, Juh\u00e1sz T, Horv\u00e1th C, Djoty\u00e1n G: Femtosecond <img loading=\"lazy\" decoding=\"async\" class=\"alignright wp-image-2155\" src=\"http:\/\/www.ratkayimola.hu\/wp-content\/uploads\/2015\/02\/kut2-300x170.jpg\" alt=\"kut2\" width=\"400\" height=\"227\" srcset=\"https:\/\/www.ratkayimola.hu\/wp-content\/uploads\/2015\/02\/kut2-300x170.jpg 300w, https:\/\/www.ratkayimola.hu\/wp-content\/uploads\/2015\/02\/kut2.jpg 547w\" sizes=\"auto, (max-width: 400px) 100vw, 400px\" \/>lasik: preliminary clinical results. (VII. \u00d6sszoroszorsz\u00e1gi Szem\u00e9sz Kongresszus, Moscow)<\/p>\n<p style=\"text-align: justify;\"><strong>Ratkay-Traub I<\/strong>: Femtosecond laser microkeratome. (Invited Speaker for the ISRS: New Directions in the New Milleneum \u2013 Future of Microkeratomes. XVIIIth Congress of the ESCRS, Brussels )<\/p>\n<p style=\"text-align: justify;\"><strong>Ratkay Imola<\/strong>: \u00daj laserek\u00a0a kutat\u00e1sban-fejleszt\u00e9sben, hely\u00fck az orvosi gyakorlatban (MTA Biomedicin\u00e1lis Optikai Albizotts\u00e1g\u00e1nak \u00e9s a Magyar Orvosi Laser \u00e9s Optikai Egyes\u00fclet Nagygy\u0171l\u00e9se, Budapest)<\/p>\n<p style=\"text-align: justify;\"><strong>Ratkay-Traub I<\/strong>, Ferincz I, Kiss K, Marchi V et al: Femtosecond Laser Keratome: Preliminary Clinical Results (20th Anniversary World Summer Refractive Surgery Symposium of the ISRS, Miami, FL USA)<\/p>\n<p style=\"text-align: justify;\"><strong>Ratkay-Traub I<\/strong>, Ferincz I, Kiss K, Marchi V, Juhasz T, Kurtz R at al: Intrastromal cutting <img loading=\"lazy\" decoding=\"async\" class=\"alignright wp-image-2157\" src=\"http:\/\/www.ratkayimola.hu\/wp-content\/uploads\/2015\/02\/kut3-300x211.jpg\" alt=\"kut3\" width=\"400\" height=\"282\" srcset=\"https:\/\/www.ratkayimola.hu\/wp-content\/uploads\/2015\/02\/kut3-300x211.jpg 300w, https:\/\/www.ratkayimola.hu\/wp-content\/uploads\/2015\/02\/kut3.jpg 547w\" sizes=\"auto, (max-width: 400px) 100vw, 400px\" \/>procedures with a Femtosecond laser: Preliminary clinical results. (XVIIth Congress of the ESCRS, Vienna)<\/p>\n<p style=\"text-align: justify;\"><strong>Ratkay I<\/strong>: Radi\u00e1lis keratot\u00f3mia ut\u00e1n v\u00e9gzett excimer l\u00e9zer kezel\u00e9sek. (felk\u00e9rt eload\u00e1s, Keszthely)<\/p>\n<p style=\"text-align: justify;\"><strong>Ratkay I<\/strong>, Ferincz I: Schwind Keratom II-vel nyert tapasztalataink myopia, astigmia \u00e9s radi\u00e1lis keratot\u00f3mia ut\u00e1n v\u00e9gzett excimer l\u00e9zeres kezel\u00e9sek kapcs\u00e1n. (felk\u00e9rt eload\u00e1s &#8211; I. Magyar Excimer L\u00e9zer Szimpozium, Debrecen)<\/p>\n<p style=\"text-align: justify;\"><strong>Ratkay I<\/strong>, F\u00f6rster W, Busse H, Kolozsv\u00e1ri L: Experience with excimer laser phototherapeutic keratectomy (2nd International Conference on Cornea, Eye Banking and External Diseases, Prague)<\/p>\n<p style=\"text-align: justify;\"><strong>Ratkay I<\/strong>, Jan\u00dfen KT, Gerding H, Busse H: Aktuelle Aspekte der Kataraktextraktion im Kindesalter (II. Gyerekszem\u00e9szeti Kongresszus, Szeged)<\/p>\n<p style=\"text-align: justify;\"><strong>Ratkay I<\/strong>, S\u00fcveges I, F\u00fcst \u00c1, Bor Zs, Szab\u00f3 G: Corneal wound healing in rabbits eyes after 193 nm excimer laser ablation (ARVO, Sarasota, FL USA)<\/p>\n<p style=\"text-align: justify;\"><a href=\"http:\/\/www.ratkayimola.hu\/wp-content\/uploads\/cikk\/publikaciok-201506.pdf\" target=\"_blank\">A kutat\u00e1sok \u00e9s publik\u00e1ci\u00f3k teljes list\u00e1ja megtekinthet\u0151 PDF form\u00e1tumban ide kattintva<\/a><\/p>\n<!-- Facebook Members Plugin by Crunchify: http:\/\/Crunchify.com\/facebook-members\/ -->\r\n\t\t<div class=\"fb-recommendations-bar\" data-href=\"https:\/\/www.ratkayimola.hu\/?page_id=1410\" data-read-time=\"5\" data-side=\"\" data-action=\"like\"><\/div>","protected":false},"excerpt":{"rendered":"<p>Ratkay-Traub I, Juhasz T, Horvath C, Suarez C, Kiss K, Ferincz I, Kurtz R: Ultra-short Pulse (Femtosecond) Laser Surgery: Initial Use in LASIK Flap Creation. Ophthalmology Clinics of North America 14, 347-355 (2001) Ratkay-Traub I, Hopp B, Bor Zs, Dux L, Becker DL, Krenacs T: Regeneration of rabbit cornea following excimer laser photorefractive keratectomy: a [&hellip;]<\/p>\n","protected":false},"author":1,"featured_media":0,"parent":0,"menu_order":0,"comment_status":"closed","ping_status":"closed","template":"","meta":{"ngg_post_thumbnail":0,"footnotes":""},"class_list":["post-1410","page","type-page","status-publish","hentry"],"_links":{"self":[{"href":"https:\/\/www.ratkayimola.hu\/index.php?rest_route=\/wp\/v2\/pages\/1410","targetHints":{"allow":["GET"]}}],"collection":[{"href":"https:\/\/www.ratkayimola.hu\/index.php?rest_route=\/wp\/v2\/pages"}],"about":[{"href":"https:\/\/www.ratkayimola.hu\/index.php?rest_route=\/wp\/v2\/types\/page"}],"author":[{"embeddable":true,"href":"https:\/\/www.ratkayimola.hu\/index.php?rest_route=\/wp\/v2\/users\/1"}],"replies":[{"embeddable":true,"href":"https:\/\/www.ratkayimola.hu\/index.php?rest_route=%2Fwp%2Fv2%2Fcomments&post=1410"}],"version-history":[{"count":55,"href":"https:\/\/www.ratkayimola.hu\/index.php?rest_route=\/wp\/v2\/pages\/1410\/revisions"}],"predecessor-version":[{"id":2459,"href":"https:\/\/www.ratkayimola.hu\/index.php?rest_route=\/wp\/v2\/pages\/1410\/revisions\/2459"}],"wp:attachment":[{"href":"https:\/\/www.ratkayimola.hu\/index.php?rest_route=%2Fwp%2Fv2%2Fmedia&parent=1410"}],"curies":[{"name":"wp","href":"https:\/\/api.w.org\/{rel}","templated":true}]}}