{"id":1449,"date":"2015-02-16T15:25:52","date_gmt":"2015-02-16T14:25:52","guid":{"rendered":"http:\/\/www.ratkayimola.hu\/wp\/?page_id=1449"},"modified":"2026-04-08T08:29:21","modified_gmt":"2026-04-08T07:29:21","slug":"szemeszeti-vizsgalatok-szuresek-mutet","status":"publish","type":"page","link":"https:\/\/www.ratkayimola.hu\/?page_id=1449","title":{"rendered":"Szem\u00e9szeti vizsg\u00e1latok, sz\u0171r\u00e9sek, m\u0171t\u00e9t"},"content":{"rendered":"<ul>\n<li><strong>\u00c1ltal\u00e1nos szemvizsg\u00e1lat<a href=\"http:\/\/www.ratkayimola.hu\/wp-content\/uploads\/2015\/02\/zsuzsititkarno_imola.jpg\"><img loading=\"lazy\" decoding=\"async\" class=\"alignright wp-image-1986\" src=\"http:\/\/www.ratkayimola.hu\/wp-content\/uploads\/2015\/02\/zsuzsititkarno_imola-217x300.jpg\" alt=\"zsuzsititkarno_imola\" width=\"210\" height=\"290\" srcset=\"https:\/\/www.ratkayimola.hu\/wp-content\/uploads\/2015\/02\/zsuzsititkarno_imola-217x300.jpg 217w, https:\/\/www.ratkayimola.hu\/wp-content\/uploads\/2015\/02\/zsuzsititkarno_imola-741x1024.jpg 741w, https:\/\/www.ratkayimola.hu\/wp-content\/uploads\/2015\/02\/zsuzsititkarno_imola-624x861.jpg 624w, https:\/\/www.ratkayimola.hu\/wp-content\/uploads\/2015\/02\/zsuzsititkarno_imola.jpg 1130w\" sizes=\"auto, (max-width: 210px) 100vw, 210px\" \/><\/a><\/strong><\/li>\n<li><strong>Egy\u00e9nre szabott l\u00e9zeres l\u00e1t\u00e1sjav\u00edt\u00f3 m\u0171t\u00e9tek el\u0151tti kivizsg\u00e1l\u00e1s<\/strong><\/li>\n<li><strong>Visumax kezel\u00e9s<\/strong><\/li>\n<li>IntraLasik = FemtoLasik<\/li>\n<li><strong>Felsz\u00ednes excimer l\u00e9zeres kezel\u00e9sek (PRK, PTK)<\/strong><\/li>\n<li>M\u0171t\u00e9tek ut\u00e1ni kontroll vizsg\u00e1latok<\/li>\n<li>Sz\u00fcrkeh\u00e1lyog-sz\u0171r\u00e9s<\/li>\n<li>Z\u00f6ldh\u00e1lyog-sz\u0171r\u00e9s<\/li>\n<li>L\u00e1t\u00f3t\u00e9r vizsg\u00e1lat<\/li>\n<li>Szemfen\u00e9ki \u00e9relv\u00e1ltoz\u00e1sok sz\u0171r\u00e9se<\/li>\n<li>Computerrel dolgoz\u00f3k \u00e9ves sz\u0171r\u0151vizsg\u00e1lata<\/li>\n<li>35 \u00e9v felettiek \u00e9ves sz\u0171r\u0151vizsg\u00e1lata<\/li>\n<li>Gyermekek \u00e9ves sz\u0171r\u0151vizsg\u00e1lata<\/li>\n<li>Gyullad\u00e1sok kezel\u00e9se<\/li>\n<li>K\u00f6nnycsatorna \u00e1tfecskendez\u00e9s<a href=\"http:\/\/www.ratkayimola.hu\/wp-content\/uploads\/2015\/02\/FyodorovFocus2.jpg\"><img loading=\"lazy\" decoding=\"async\" class=\"alignright size-medium wp-image-1988\" src=\"http:\/\/www.ratkayimola.hu\/wp-content\/uploads\/2015\/02\/FyodorovFocus2-300x225.jpg\" alt=\"FyodorovFocus2\" width=\"300\" height=\"225\" srcset=\"https:\/\/www.ratkayimola.hu\/wp-content\/uploads\/2015\/02\/FyodorovFocus2-300x225.jpg 300w, https:\/\/www.ratkayimola.hu\/wp-content\/uploads\/2015\/02\/FyodorovFocus2-624x468.jpg 624w, https:\/\/www.ratkayimola.hu\/wp-content\/uploads\/2015\/02\/FyodorovFocus2.jpg 1024w\" sizes=\"auto, (max-width: 300px) 100vw, 300px\" \/><\/a><\/li>\n<li>Cornea topogr\u00e1fi\u00e1s vizsg\u00e1lat<\/li>\n<li>Szaruh\u00e1rtya vastags\u00e1gm\u00e9r\u00e9s<\/li>\n<li>Szemnyom\u00e1s m\u00e9r\u00e9s, pachymetria<\/li>\n<li>OCT vizsg\u00e1lat<\/li>\n<li>Fundus fot\u00f3<\/li>\n<li>J\u00e9g\u00e1rpa megnyit\u00e1sa<\/li>\n<li>Szaruh\u00e1rtya idegentest elt\u00e1vol\u00edt\u00e1sa<\/li>\n<li>Szemh\u00e9j b\u0151relv\u00e1ltoz\u00e1sainak kauteres \u00e9s radiofrekvenci\u00e1s elt\u00e1vol\u00edt\u00e1sa<\/li>\n<\/ul>\n<!-- Facebook Members Plugin by Crunchify: http:\/\/Crunchify.com\/facebook-members\/ -->\r\n\t\t<div class=\"fb-recommendations-bar\" data-href=\"https:\/\/www.ratkayimola.hu\/?page_id=1449\" data-read-time=\"5\" data-side=\"\" data-action=\"like\"><\/div>","protected":false},"excerpt":{"rendered":"<p>\u00c1ltal\u00e1nos szemvizsg\u00e1lat Egy\u00e9nre szabott l\u00e9zeres l\u00e1t\u00e1sjav\u00edt\u00f3 m\u0171t\u00e9tek el\u0151tti kivizsg\u00e1l\u00e1s Visumax kezel\u00e9s IntraLasik = FemtoLasik Felsz\u00ednes excimer l\u00e9zeres kezel\u00e9sek (PRK, PTK) M\u0171t\u00e9tek ut\u00e1ni kontroll vizsg\u00e1latok Sz\u00fcrkeh\u00e1lyog-sz\u0171r\u00e9s Z\u00f6ldh\u00e1lyog-sz\u0171r\u00e9s L\u00e1t\u00f3t\u00e9r vizsg\u00e1lat Szemfen\u00e9ki \u00e9relv\u00e1ltoz\u00e1sok sz\u0171r\u00e9se Computerrel dolgoz\u00f3k \u00e9ves sz\u0171r\u0151vizsg\u00e1lata 35 \u00e9v felettiek \u00e9ves sz\u0171r\u0151vizsg\u00e1lata Gyermekek \u00e9ves sz\u0171r\u0151vizsg\u00e1lata Gyullad\u00e1sok kezel\u00e9se K\u00f6nnycsatorna \u00e1tfecskendez\u00e9s Cornea topogr\u00e1fi\u00e1s vizsg\u00e1lat Szaruh\u00e1rtya vastags\u00e1gm\u00e9r\u00e9s Szemnyom\u00e1s m\u00e9r\u00e9s, pachymetria [&hellip;]<\/p>\n","protected":false},"author":1,"featured_media":0,"parent":0,"menu_order":0,"comment_status":"closed","ping_status":"closed","template":"","meta":{"ngg_post_thumbnail":0,"footnotes":""},"class_list":["post-1449","page","type-page","status-publish","hentry"],"_links":{"self":[{"href":"https:\/\/www.ratkayimola.hu\/index.php?rest_route=\/wp\/v2\/pages\/1449","targetHints":{"allow":["GET"]}}],"collection":[{"href":"https:\/\/www.ratkayimola.hu\/index.php?rest_route=\/wp\/v2\/pages"}],"about":[{"href":"https:\/\/www.ratkayimola.hu\/index.php?rest_route=\/wp\/v2\/types\/page"}],"author":[{"embeddable":true,"href":"https:\/\/www.ratkayimola.hu\/index.php?rest_route=\/wp\/v2\/users\/1"}],"replies":[{"embeddable":true,"href":"https:\/\/www.ratkayimola.hu\/index.php?rest_route=%2Fwp%2Fv2%2Fcomments&post=1449"}],"version-history":[{"count":29,"href":"https:\/\/www.ratkayimola.hu\/index.php?rest_route=\/wp\/v2\/pages\/1449\/revisions"}],"predecessor-version":[{"id":3139,"href":"https:\/\/www.ratkayimola.hu\/index.php?rest_route=\/wp\/v2\/pages\/1449\/revisions\/3139"}],"wp:attachment":[{"href":"https:\/\/www.ratkayimola.hu\/index.php?rest_route=%2Fwp%2Fv2%2Fmedia&parent=1449"}],"curies":[{"name":"wp","href":"https:\/\/api.w.org\/{rel}","templated":true}]}}