{"id":1637,"date":"2015-02-25T11:31:21","date_gmt":"2015-02-25T10:31:21","guid":{"rendered":"http:\/\/www.ratkayimola.hu\/wp\/?page_id=1637"},"modified":"2026-04-07T09:49:29","modified_gmt":"2026-04-07T08:49:29","slug":"intralasik-eljaras","status":"publish","type":"page","link":"https:\/\/www.ratkayimola.hu\/?page_id=1637","title":{"rendered":"IntraLasik elj\u00e1r\u00e1s"},"content":{"rendered":"<p>&nbsp;<\/p>\n<table width=\"240\">\n<tbody>\n<tr>\n<td width=\"80\">\n<h2 style=\"text-align: center;\"><a title=\"IntraLasik elj\u00e1r\u00e1s\" href=\"http:\/\/www.ratkayimola.hu\/?page_id=1637\"><span style=\"color: #67bcb5;\">IntraLasik= FEMTOLasik elj\u00e1r\u00e1s<\/span><\/a><\/h2>\n<\/td>\n<td width=\"80\">\n<h2 style=\"text-align: center;\">\u00a0<a title=\"PRK elj\u00e1r\u00e1s\" href=\"http:\/\/www.ratkayimola.hu\/?page_id=1641\"><span style=\"color: #67bcb5;\">PRK elj\u00e1r\u00e1s<\/span><\/a><\/h2>\n<\/td>\n<td width=\"80\">\n<h2 style=\"text-align: center;\"><a title=\"Visumax elj\u00e1r\u00e1s\" href=\"https:\/\/www.ratkayimola.hu\/?page_id=2670\"><span style=\"color: #67bcb5;\">Visumax kezel\u00e9s<\/span><\/a><\/h2>\n<\/td>\n<\/tr>\n<\/tbody>\n<\/table>\n<p style=\"text-align: left;\"><strong>1999 &#8211; el\u0151sz\u00f6r v\u00e1gtunk Femtoszekundumos l\u00e9zerrel lebenyt (IntraLasik)<\/strong><\/p>\n<p style=\"text-align: justify;\">B\u00e1r a LASIK egy bizony\u00edtottan eredm\u00e9nyes elj\u00e1r\u00e1s, a <a href=\"http:\/\/www.ratkayimola.hu\/wp-content\/uploads\/2015\/02\/intralase1.gif\" target=\"_blank\"><img loading=\"lazy\" decoding=\"async\" class=\"alignright wp-image-2085\" src=\"http:\/\/www.ratkayimola.hu\/wp-content\/uploads\/2015\/02\/intralase1.gif\" alt=\"intralase\" width=\"290\" height=\"308\" \/><\/a>l\u00e9zertechnol\u00f3gia fejl\u0151d\u00e9s\u00e9vel lehet\u0151v\u00e9 v\u00e1lt a mikrokerat\u00f3mok \u00e1ltal esetlegesen okozhat\u00f3 komplik\u00e1ci\u00f3k kik\u00fcsz\u00f6b\u00f6l\u00e9se. A LASIK m\u0171t\u00e9t sor\u00e1n k\u00e9sz\u00edtett lebenyek nagyobb vari\u00e1lhat\u00f3s\u00e1g\u00e1t, precizit\u00e1s\u00e1t, pontoss\u00e1g\u00e1t lehetett el\u00e9rni az \u00fagynevezett <strong>femtosecundumos l\u00e9zerrel<\/strong>, amelyet Juh\u00e1sz Tibor az Egyes\u00fclt \u00c1llamokban \u00e9l\u0151 magyar fizikus fejlesztett ki. A m\u0171t\u00e9ti elj\u00e1r\u00e1s kifejleszt\u00e9s\u00e9ben meghat\u00e1roz\u00f3 szerepe volt Ratkay Imol\u00e1nak, aki az <strong>IntraLASIK<\/strong> elj\u00e1r\u00e1ssal a vil\u00e1gon els\u0151k\u00e9nt oper\u00e1lt. Az elj\u00e1r\u00e1st ezen eredm\u00e9nyek birtok\u00e1ban az amerikai FDA 2000-ben elfogadta \u00e9s hivatalosan bejegyezte.<\/p>\n<p style=\"text-align: justify;\">A <strong>femtosecundumos l\u00e9zerrel egyed\u00fcl\u00e1ll\u00f3 m\u00f3don k\u00e9sz\u00edthet\u0151<\/strong> el a szaruh\u00e1rtya lebeny. A m\u0171t\u00e9t sor\u00e1n a l\u00e9zert sz\u00e1m\u00edt\u00f3g\u00e9p vez\u00e9rli. Ezt az elj\u00e1r\u00e1st v\u00e9konyabb szaruh\u00e1rtya eset\u00e9n is lehet alkalmazni, \u00e9s olyan p\u00e1ciensekn\u00e9l is, akikn\u00e9l eddig nem haszn\u00e1lhattak l\u00e9zeres szemkorrekci\u00f3t. A m\u0171t\u00e9t sor\u00e1n nem k\u00e1rosodik a szem h\u00e1msz\u00f6vete, ez\u00e9rt kevesebb a f\u00e1jdalom, \u00e9s az idegregener\u00e1ci\u00f3 is gyorsabb. Az <strong>IntraLasik<\/strong> elj\u00e1r\u00e1s egyre n\u00e9pszer\u0171bb vil\u00e1gviszonylatban, a szemkorrekci\u00f3s m\u0171t\u00e9tekhez a p\u00e1ciensek t\u00f6bbs\u00e9ge ezt a m\u00f3dszert v\u00e1lasztja. A beavatkoz\u00e1s \u00e1ltal\u00e1ban a <strong>-1,0 \u00e9s -12,0 dioptria tartom\u00e1ny k\u00f6z\u00f6tti r\u00f6vidl\u00e1t\u00e1s, 1,0 \u00e9s 6,0 dioptria tartom\u00e1ny k\u00f6z\u00f6tti astigmia \u00e9s a +1,5 \u00e9s +5,0 dioptria tartom\u00e1ny k\u00f6z\u00f6tti hypermetropia korrig\u00e1l\u00e1s\u00e1ra aj\u00e1nlhat\u00f3<\/strong>. Az <strong>IntraLasik<\/strong>et t\u00f6bb milli\u00f3\u00a0p\u00e1ciensen alkalmazt\u00e1k m\u00e1r sikerrel.<\/p>\n<p style=\"text-align: justify;\">A beavatkoz\u00e1s sor\u00e1n a p\u00e1ciens szem\u00e9t szemcseppel \u00e9rz\u00e9stelen\u00edtj\u00fck, a szem k\u00f6rny\u00e9k\u00e9t fert\u0151tlen\u00edtj\u00fck, majd sterilen izol\u00e1ljuk. A szemet v\u00e1kuummal r\u00f6gz\u00edtj\u00fck mialatt a szaruh\u00e1rty\u00e1n elk\u00e9sz\u00edtj\u00fck a<strong> femtosecundumos l\u00e9zerrel<\/strong> a lebenyt. Ezut\u00e1n, a lebenyt felhajtva t\u00f6rt\u00e9nik az excimer l\u00e9zeres beavatkoz\u00e1s, mely mikroszkopikus m\u00e9ret\u0171 sz\u00f6vetr\u00e9teget t\u00e1vol\u00edt el a szaruh\u00e1rtya felsz\u00edn\u00e9r\u0151l. Ezzel korrig\u00e1lja a szem f\u00e9nyt\u00f6r\u00e9si hib\u00e1it (myopia, astigmatizmus, hypermetropia). Maga a l\u00e9zeres beavatkoz\u00e1s 30-60 m\u00e1sodpercig tart, mik\u00f6zben egy villog\u00f3 piros f\u00e9nyre kell a p\u00e1ciensnek n\u00e9znie. Ezut\u00e1n a lebenyt visszahajtjuk a hely\u00e9re.<\/p>\n<p style=\"text-align: justify;\">A beavatkoz\u00e1st k\u00f6vet\u0151en a szem\u00e9be szemcseppet kap a fel\u00fclfert\u0151z\u0151d\u00e9s megel\u0151z\u00e9s\u00e9re. Otthon 2-3 \u00f3r\u00e1ra k\u00e9rj\u00fck csukja be szem\u00e9t, majd a szemcseppet a meghat\u00e1rozott m\u00f3don kell haszn\u00e1lnia. A <strong>IntraLASIK<\/strong> beavatkoz\u00e1s ut\u00e1n 2-3 \u00f3r\u00e1ig k\u00f6nnyez\u00e9s, idegentest-\u00e9rz\u00e9s, f\u00e9ny\u00e9rz\u00e9kenys\u00e9g jelentkezik. Ez a kellemetlen \u00e9rz\u00e9s m\u00e1snapra elm\u00falik. L\u00e1t\u00e1sa v\u00e1rhat\u00f3an 2-3 h\u00f3napon bel\u00fcl stabiliz\u00e1l\u00f3dik, de \u00e1ltal\u00e1ban m\u00e1r a m\u0171t\u00e9tet k\u00f6vet\u0151 els\u0151 h\u00e9ten el\u00e9g j\u00f3l l\u00e1t, \u00edgy visszat\u00e9rhet a szok\u00e1sos \u00e9letvitel\u00e9hez.<\/p>\n<p style=\"text-align: justify;\"><a href=\"http:\/\/www.ratkayimola.hu\/wp-content\/uploads\/2015\/02\/intralasik-montazs1.jpg\"><img loading=\"lazy\" decoding=\"async\" class=\"aligncenter size-full wp-image-2328\" src=\"http:\/\/www.ratkayimola.hu\/wp-content\/uploads\/2015\/02\/intralasik-montazs1.jpg\" alt=\"intralasik-montazs\" width=\"964\" height=\"363\" srcset=\"https:\/\/www.ratkayimola.hu\/wp-content\/uploads\/2015\/02\/intralasik-montazs1.jpg 964w, https:\/\/www.ratkayimola.hu\/wp-content\/uploads\/2015\/02\/intralasik-montazs1-300x112.jpg 300w, https:\/\/www.ratkayimola.hu\/wp-content\/uploads\/2015\/02\/intralasik-montazs1-624x234.jpg 624w\" sizes=\"auto, (max-width: 964px) 100vw, 964px\" \/><\/a><\/p>\n<h2>Lebenyk\u00e9sz\u00edt\u00e9s:<\/h2>\n<object type=\"application\/x-shockwave-flash\" width=\"466\" height=\"382\" data=\"http:\/\/getembedplus.com\/embedplus.swf\" id=\"ep4334\">\r<param value=\"http:\/\/getembedplus.com\/embedplus.swf\" name=\"movie\" \/>\r<param value=\"high\" name=\"quality\" \/>\r<param value=\"transparent\" name=\"wmode\" \/>\r<param value=\"always\" name=\"allowscriptaccess\" \/>\r<param value=\"true\" name=\"allowFullScreen\" \/>\r<param name=\"flashvars\" value=\"ytid=GQIMKGo1YFI&width=466&height=350&start=&stop=&rs=w&hd=0&autoplay=0&react=1&chapters=&notes=&amp;rs=w\" \/>\r<iframe loading=\"lazy\" class=\"cantembedplus\" title=\"YouTube video player\" width=\"466\" height=\"350\" src=\"http:\/\/www.youtube.com\/embed\/GQIMKGo1YFI?fs=1\" frameborder=\"0\" allowfullscreen><\/iframe>\r<\/object>\n<p><!--\n\n\n<p style=\"text-align: center;\"><a href=\"http:\/\/www.ratkayimola.hu\/wp-content\/uploads\/2015\/02\/intralasik1.jpg\"><img loading=\"lazy\" decoding=\"async\" class=\"size-full wp-image-1906 alignnone\" src=\"http:\/\/www.ratkayimola.hu\/wp-content\/uploads\/2015\/02\/intralasik1.jpg\" alt=\"intralasik1\" width=\"202\" height=\"145\" \/><\/a>\u00a0<a href=\"http:\/\/www.ratkayimola.hu\/wp-content\/uploads\/2015\/02\/intralasik2.jpg\"><img loading=\"lazy\" decoding=\"async\" class=\"size-full wp-image-1907 alignnone\" src=\"http:\/\/www.ratkayimola.hu\/wp-content\/uploads\/2015\/02\/intralasik2.jpg\" alt=\"intralasik2\" width=\"202\" height=\"145\" \/><\/a>\u00a0<a href=\"http:\/\/www.ratkayimola.hu\/wp-content\/uploads\/2015\/02\/intralasik3.jpg\"><img loading=\"lazy\" decoding=\"async\" class=\"size-full wp-image-1908 alignnone\" src=\"http:\/\/www.ratkayimola.hu\/wp-content\/uploads\/2015\/02\/intralasik3.jpg\" alt=\"intralasik3\" width=\"202\" height=\"145\" \/><\/a>\u00a0<a href=\"http:\/\/www.ratkayimola.hu\/wp-content\/uploads\/2015\/02\/intralasik4.jpg\"><img loading=\"lazy\" decoding=\"async\" class=\"size-full wp-image-1909 alignnone\" src=\"http:\/\/www.ratkayimola.hu\/wp-content\/uploads\/2015\/02\/intralasik4.jpg\" alt=\"intralasik4\" width=\"149\" height=\"145\" \/><\/a><\/p>\n\n\n\n--><\/p>\n<!-- Facebook Members Plugin by Crunchify: http:\/\/Crunchify.com\/facebook-members\/ -->\r\n\t\t<div class=\"fb-recommendations-bar\" data-href=\"https:\/\/www.ratkayimola.hu\/?page_id=1637\" data-read-time=\"5\" data-side=\"\" data-action=\"like\"><\/div>","protected":false},"excerpt":{"rendered":"<p>&nbsp; IntraLasik= FEMTOLasik elj\u00e1r\u00e1s \u00a0PRK elj\u00e1r\u00e1s Visumax kezel\u00e9s 1999 &#8211; el\u0151sz\u00f6r v\u00e1gtunk Femtoszekundumos l\u00e9zerrel lebenyt (IntraLasik) B\u00e1r a LASIK egy bizony\u00edtottan eredm\u00e9nyes elj\u00e1r\u00e1s, a l\u00e9zertechnol\u00f3gia fejl\u0151d\u00e9s\u00e9vel lehet\u0151v\u00e9 v\u00e1lt a mikrokerat\u00f3mok \u00e1ltal esetlegesen okozhat\u00f3 komplik\u00e1ci\u00f3k kik\u00fcsz\u00f6b\u00f6l\u00e9se. A LASIK m\u0171t\u00e9t sor\u00e1n k\u00e9sz\u00edtett lebenyek nagyobb vari\u00e1lhat\u00f3s\u00e1g\u00e1t, precizit\u00e1s\u00e1t, pontoss\u00e1g\u00e1t lehetett el\u00e9rni az \u00fagynevezett femtosecundumos l\u00e9zerrel, amelyet Juh\u00e1sz Tibor az [&hellip;]<\/p>\n","protected":false},"author":1,"featured_media":0,"parent":0,"menu_order":0,"comment_status":"closed","ping_status":"closed","template":"","meta":{"ngg_post_thumbnail":0,"footnotes":""},"class_list":["post-1637","page","type-page","status-publish","hentry"],"_links":{"self":[{"href":"https:\/\/www.ratkayimola.hu\/index.php?rest_route=\/wp\/v2\/pages\/1637","targetHints":{"allow":["GET"]}}],"collection":[{"href":"https:\/\/www.ratkayimola.hu\/index.php?rest_route=\/wp\/v2\/pages"}],"about":[{"href":"https:\/\/www.ratkayimola.hu\/index.php?rest_route=\/wp\/v2\/types\/page"}],"author":[{"embeddable":true,"href":"https:\/\/www.ratkayimola.hu\/index.php?rest_route=\/wp\/v2\/users\/1"}],"replies":[{"embeddable":true,"href":"https:\/\/www.ratkayimola.hu\/index.php?rest_route=%2Fwp%2Fv2%2Fcomments&post=1637"}],"version-history":[{"count":67,"href":"https:\/\/www.ratkayimola.hu\/index.php?rest_route=\/wp\/v2\/pages\/1637\/revisions"}],"predecessor-version":[{"id":3135,"href":"https:\/\/www.ratkayimola.hu\/index.php?rest_route=\/wp\/v2\/pages\/1637\/revisions\/3135"}],"wp:attachment":[{"href":"https:\/\/www.ratkayimola.hu\/index.php?rest_route=%2Fwp%2Fv2%2Fmedia&parent=1637"}],"curies":[{"name":"wp","href":"https:\/\/api.w.org\/{rel}","templated":true}]}}