{"id":2523,"date":"2016-09-26T11:12:08","date_gmt":"2016-09-26T10:12:08","guid":{"rendered":"http:\/\/www.ratkayimola.hu\/?page_id=2523"},"modified":"2016-09-26T12:26:10","modified_gmt":"2016-09-26T11:26:10","slug":"mta-a-feny-eve","status":"publish","type":"page","link":"https:\/\/www.ratkayimola.hu\/?page_id=2523","title":{"rendered":"MTA &#8211; A f\u00e9ny \u00e9ve"},"content":{"rendered":"<h3 style=\"text-align: center;\"><strong>A femtol\u00e9zerek szerepe a szem seb\u00e9szeti beavatkoz\u00e1saiban<\/strong><\/h3>\n<p><img loading=\"lazy\" decoding=\"async\" class=\"alignleft size-full wp-image-2554\" src=\"http:\/\/www.ratkayimola.hu\/wp-content\/uploads\/2016\/09\/1.jpg\" alt=\"1\" width=\"1000\" height=\"1963\" srcset=\"https:\/\/www.ratkayimola.hu\/wp-content\/uploads\/2016\/09\/1.jpg 1000w, https:\/\/www.ratkayimola.hu\/wp-content\/uploads\/2016\/09\/1-521x1024.jpg 521w, https:\/\/www.ratkayimola.hu\/wp-content\/uploads\/2016\/09\/1-624x1224.jpg 624w\" sizes=\"auto, (max-width: 1000px) 100vw, 1000px\" \/><br \/>\n<img loading=\"lazy\" decoding=\"async\" class=\"alignleft size-full wp-image-2555\" src=\"http:\/\/www.ratkayimola.hu\/wp-content\/uploads\/2016\/09\/2.jpg\" alt=\"2\" width=\"1000\" height=\"4347\" srcset=\"https:\/\/www.ratkayimola.hu\/wp-content\/uploads\/2016\/09\/2.jpg 1000w, https:\/\/www.ratkayimola.hu\/wp-content\/uploads\/2016\/09\/2-69x300.jpg 69w, https:\/\/www.ratkayimola.hu\/wp-content\/uploads\/2016\/09\/2-624x2712.jpg 624w\" sizes=\"auto, (max-width: 1000px) 100vw, 1000px\" \/><\/p>\n<p>&nbsp;<\/p>\n<p><img loading=\"lazy\" decoding=\"async\" class=\"size-large wp-image-2552 aligncenter\" src=\"http:\/\/www.ratkayimola.hu\/wp-content\/uploads\/2016\/09\/fenyeve-meghivo-716x1024.jpg\" alt=\"fenyeve-meghivo\" width=\"625\" height=\"893\" srcset=\"https:\/\/www.ratkayimola.hu\/wp-content\/uploads\/2016\/09\/fenyeve-meghivo-716x1024.jpg 716w, https:\/\/www.ratkayimola.hu\/wp-content\/uploads\/2016\/09\/fenyeve-meghivo-210x300.jpg 210w, https:\/\/www.ratkayimola.hu\/wp-content\/uploads\/2016\/09\/fenyeve-meghivo-624x891.jpg 624w\" sizes=\"auto, (max-width: 625px) 100vw, 625px\" \/><\/p>\n<p>&nbsp;<\/p>\nngg_shortcode_0_placeholder\n<!-- Facebook Members Plugin by Crunchify: http:\/\/Crunchify.com\/facebook-members\/ -->\r\n\t\t<div class=\"fb-recommendations-bar\" data-href=\"https:\/\/www.ratkayimola.hu\/?page_id=2523\" data-read-time=\"5\" data-side=\"\" data-action=\"like\"><\/div>","protected":false},"excerpt":{"rendered":"<p>A femtol\u00e9zerek szerepe a szem seb\u00e9szeti beavatkoz\u00e1saiban &nbsp; &nbsp;<\/p>\n","protected":false},"author":1,"featured_media":0,"parent":0,"menu_order":0,"comment_status":"closed","ping_status":"closed","template":"","meta":{"ngg_post_thumbnail":0,"footnotes":""},"class_list":["post-2523","page","type-page","status-publish","hentry"],"_links":{"self":[{"href":"https:\/\/www.ratkayimola.hu\/index.php?rest_route=\/wp\/v2\/pages\/2523","targetHints":{"allow":["GET"]}}],"collection":[{"href":"https:\/\/www.ratkayimola.hu\/index.php?rest_route=\/wp\/v2\/pages"}],"about":[{"href":"https:\/\/www.ratkayimola.hu\/index.php?rest_route=\/wp\/v2\/types\/page"}],"author":[{"embeddable":true,"href":"https:\/\/www.ratkayimola.hu\/index.php?rest_route=\/wp\/v2\/users\/1"}],"replies":[{"embeddable":true,"href":"https:\/\/www.ratkayimola.hu\/index.php?rest_route=%2Fwp%2Fv2%2Fcomments&post=2523"}],"version-history":[{"count":9,"href":"https:\/\/www.ratkayimola.hu\/index.php?rest_route=\/wp\/v2\/pages\/2523\/revisions"}],"predecessor-version":[{"id":2557,"href":"https:\/\/www.ratkayimola.hu\/index.php?rest_route=\/wp\/v2\/pages\/2523\/revisions\/2557"}],"wp:attachment":[{"href":"https:\/\/www.ratkayimola.hu\/index.php?rest_route=%2Fwp%2Fv2%2Fmedia&parent=2523"}],"curies":[{"name":"wp","href":"https:\/\/api.w.org\/{rel}","templated":true}]}}