{"id":2670,"date":"2018-12-04T11:42:57","date_gmt":"2018-12-04T10:42:57","guid":{"rendered":"http:\/\/www.ratkayimola.hu\/?page_id=2670"},"modified":"2026-04-07T09:44:27","modified_gmt":"2026-04-07T08:44:27","slug":"visumax-kezeles","status":"publish","type":"page","link":"https:\/\/www.ratkayimola.hu\/?page_id=2670","title":{"rendered":"Visumax kezel\u00e9s"},"content":{"rendered":"<table width=\"240\">\n<tbody>\n<tr>\n<td width=\"80\">\n<h2 style=\"text-align: center;\"><a title=\"IntraLasik elj\u00e1r\u00e1s\" href=\"http:\/\/www.ratkayimola.hu\/?page_id=1637\"><span style=\"color: #67bcb5;\">IntraLasik= FEMTOLasik elj\u00e1r\u00e1s<\/span><\/a><\/h2>\n<\/td>\n<td width=\"80\">\n<h2 style=\"text-align: center;\">\u00a0<a title=\"PRK elj\u00e1r\u00e1s\" href=\"http:\/\/www.ratkayimola.hu\/?page_id=1641\"><span style=\"color: #67bcb5;\">PRK elj\u00e1r\u00e1s<\/span><\/a><\/h2>\n<\/td>\n<td width=\"80\">\n<h2 style=\"text-align: center;\"><a href=\"https:\/\/www.ratkayimola.hu\/?page_id=2670\"><span style=\"color: #67bcb5;\">Visumax kezel\u00e9s<\/span><\/a><\/h2>\n<\/td>\n<\/tr>\n<\/tbody>\n<\/table>\n<p style=\"text-align: justify;\"><strong>A Visumax elj\u00e1r\u00e1s k\u00e9t l\u00e9nyeges szempontb\u00f3l k\u00fcl\u00f6nb\u00f6zik a LASIK illetve FEMTO\u00a0elj\u00e1r\u00e1sokt\u00f3l:<\/strong><\/p>\n<p style=\"text-align: justify;\">Egyr\u00e9szt a szaruh\u00e1rtya hagymah\u00e9j szer\u0171 szerkezet\u00e9ben a h\u00e9j lemezeit t\u00f6k\u00e9letesen k\u00f6vetve v\u00e9gzi a v\u00e1g\u00e1st. T\u00f6k\u00e9letesebben, mint a hagyom\u00e1nyos FEMTO vagy LASIK, vagy\u00a0IntraLASIK. Ennek k\u00f6sz\u00f6nhet\u0151en a szaruh\u00e1rtya mechanikailag stabilabb marad. Kevesebb\u00a0ideg \u00e1tv\u00e1g\u00e1s\u00e1ra ker\u00fcl sor, \u00edgy a szemsz\u00e1razs\u00e1g is kev\u00e9sb\u00e9 jellemz\u0151.<\/p>\n<p style=\"text-align: justify;\">M\u00e1sr\u00e9szt nem okoz \u00e1tmenetileg sem szemnyom\u00e1s emelked\u00e9st a kezel\u00e9s alatt.\u00a0K\u00edm\u00e9letesebb, \u00edgy azokn\u00e1l is elv\u00e9gezhet\u0151, akiknek szemfen\u00e9ki elv\u00e1ltoz\u00e1sai vannak,\u00a0mint pl. a nagyfok\u00fa r\u00f6vidl\u00e1t\u00f3knak \u00e1ltal\u00e1ban.<\/p>\n<p style=\"text-align: justify;\">Az egy\u00e9nre szabott kezel\u00e9s c\u00e9lja a magasabb rend\u0171 f\u00e9nyt\u00f6r\u00e9si hib\u00e1k jav\u00edt\u00e1sa a\u00a0szaruh\u00e1rtya felsz\u00edn\u00e9nek pontos felt\u00e9rk\u00e9pez\u00e9se seg\u00edts\u00e9g\u00e9vel (hull\u00e1mfrontelemz\u00e9s,\u00a0topogr\u00e1fiai elemz\u00e9s). Az ide\u00e1lishoz a lehet\u0151 legjobban k\u00f6zel\u00edt\u0151 felsz\u00edn kialak\u00edt\u00e1sa\u00a0l\u00e9zer seg\u00edts\u00e9g\u00e9vel. A k\u00fcl\u00f6nb\u00f6z\u0151 l\u00e9zer k\u00f6zpontok saj\u00e1t elnevez\u00e9seket haszn\u00e1lnak az\u00a0egy\u00e9nre szabott m\u0171t\u00e9tekre.<\/p>\n<p style=\"text-align: justify;\">Pont 20 \u00e9vvel ezel\u0151tt v\u00e9geztem az els\u0151 hum\u00e1n femtosecond laseres kezel\u00e9st az\u00a0id\u00e9n fizikai Nobel-d\u00edjat kap\u00f3 Gerard Mourou \u00e1ltal el\u0151\u00e1ll\u00edtott femtosecond impulzus\u00fa\u00a0ultragyors l\u00e9zerrel, amit Juh\u00e1sz Tibor prof. fejlesztett tov\u00e1bb szem\u00e9szeti m\u0171t\u00e9tek\u00a0v\u00e9gz\u00e9s\u00e9hez. A kutat\u00f3 csoport tagjai nagy r\u00e9szt magyarok, k\u00f6zt\u00fck olyan prominens\u00a0k\u00e9pvisel\u0151vel, mint Bor Zsolt professzor \u00far.<\/p>\n<p><a href=\"http:\/\/www.ratkayimola.hu\/wp-content\/uploads\/2018\/12\/drratkayimola.jpg\"><img loading=\"lazy\" decoding=\"async\" class=\"aligncenter wp-image-2675\" src=\"http:\/\/www.ratkayimola.hu\/wp-content\/uploads\/2018\/12\/drratkayimola.jpg\" alt=\"drratkayimola\" width=\"600\" height=\"452\" srcset=\"https:\/\/www.ratkayimola.hu\/wp-content\/uploads\/2018\/12\/drratkayimola.jpg 970w, https:\/\/www.ratkayimola.hu\/wp-content\/uploads\/2018\/12\/drratkayimola-300x226.jpg 300w, https:\/\/www.ratkayimola.hu\/wp-content\/uploads\/2018\/12\/drratkayimola-624x470.jpg 624w\" sizes=\"auto, (max-width: 600px) 100vw, 600px\" \/><\/a><\/p>\n<p>&nbsp;<\/p>\n<p><a href=\"http:\/\/www.ratkayimola.hu\/wp-content\/uploads\/2018\/12\/21457058_8176d92ed8013afec217991df11596f4_wm.jpg\"><img loading=\"lazy\" decoding=\"async\" class=\"alignright wp-image-2677\" src=\"http:\/\/www.ratkayimola.hu\/wp-content\/uploads\/2018\/12\/21457058_8176d92ed8013afec217991df11596f4_wm.jpg\" alt=\"21457058_8176d92ed8013afec217991df11596f4_wm\" width=\"350\" height=\"174\" srcset=\"https:\/\/www.ratkayimola.hu\/wp-content\/uploads\/2018\/12\/21457058_8176d92ed8013afec217991df11596f4_wm.jpg 1108w, https:\/\/www.ratkayimola.hu\/wp-content\/uploads\/2018\/12\/21457058_8176d92ed8013afec217991df11596f4_wm-300x149.jpg 300w, https:\/\/www.ratkayimola.hu\/wp-content\/uploads\/2018\/12\/21457058_8176d92ed8013afec217991df11596f4_wm-1024x509.jpg 1024w, https:\/\/www.ratkayimola.hu\/wp-content\/uploads\/2018\/12\/21457058_8176d92ed8013afec217991df11596f4_wm-624x310.jpg 624w\" sizes=\"auto, (max-width: 350px) 100vw, 350px\" \/><\/a><\/p>\n<p style=\"text-align: justify;\">&#8222;A FEMTOLASIK-kezel\u00e9s sor\u00e1n a fent eml\u00edtett lebenyk\u00e9sz\u00edt\u00e9st a femtol\u00e9zer v\u00e9gzi el. Teljesen biztons\u00e1gos \u00e9s f\u00e1jdalommentes elj\u00e1r\u00e1s, aminek az egyik legnagyobb el\u0151nye, hogy a gy\u00f3gyul\u00e1si id\u0151 nagyon r\u00f6vid: ak\u00e1r a kezel\u00e9s m\u00e1s- vagy harmadnapj\u00e1n munk\u00e1ba lehet \u00e1llni, ha nem a monitort kell n\u00e9zn\u00fcnk. \u201eA femtol\u00e9zer a szaruh\u00e1rtya legk\u00fcls\u0151, \u00e1tl\u00e1tsz\u00f3 r\u00e9teg\u00e9ben tud dolgozni, ezzel forradalmas\u00edtotta a l\u00e1t\u00e1sjav\u00edt\u00e1st\u201d &#8211; mondja Ferincz Istv\u00e1n. \u201eKomolyabb szemmegnyit\u00f3 m\u0171t\u00e9tekhez, pl. szaruh\u00e1rtya \u00e1t\u00fcltet\u00e9shez is nagy pontoss\u00e1got, biztons\u00e1got, stabilit\u00e1st tud biztos\u00edtani.<\/p>\n<p style=\"text-align: justify;\">A FEMTO technik\u00e1t egy\u00e9bk\u00e9nt a Focus Medical alkalmazta els\u0151k\u00e9nt Magyarorsz\u00e1gon 2005-ben. Kevesen tudj\u00e1k, hogy <strong>a vil\u00e1g els\u0151 femtoszekundumos m\u0171t\u00e9tj\u00e9t is haz\u00e1nkban v\u00e9gezt\u00e9k 1998-ban,<\/strong> a m\u00e9ghozz\u00e1 a Focus Medicalban, <strong>Dr. Ratkay Imola PHD<\/strong>, a Focus Medical akkori vezet\u0151 f\u0151orvosa\u201d.&#8221;<\/p>\n<p><a href=\"https:\/\/index.hu\/bcs\/2018\/11\/29\/lezeres-szemmutet-focus-medical\/\" target=\"_blank\" rel=\"noopener\"><em>A teljes cikk\u00e9rt kattintson ide&#8230;<\/em><\/a><\/p>\n<p>&nbsp;<\/p>\n<p style=\"text-align: justify;\"><a href=\"http:\/\/www.ratkayimola.hu\/wp-content\/uploads\/2018\/12\/ratkayimola.jpg\"><img loading=\"lazy\" decoding=\"async\" class=\"alignright wp-image-2688\" src=\"http:\/\/www.ratkayimola.hu\/wp-content\/uploads\/2018\/12\/ratkayimola.jpg\" alt=\"ratkayimola\" width=\"400\" height=\"267\" srcset=\"https:\/\/www.ratkayimola.hu\/wp-content\/uploads\/2018\/12\/ratkayimola.jpg 753w, https:\/\/www.ratkayimola.hu\/wp-content\/uploads\/2018\/12\/ratkayimola-300x200.jpg 300w, https:\/\/www.ratkayimola.hu\/wp-content\/uploads\/2018\/12\/ratkayimola-624x416.jpg 624w\" sizes=\"auto, (max-width: 400px) 100vw, 400px\" \/><\/a><strong>Szentendr\u00e9n is j\u00e1rt az idei Nobel-d\u00edjas fizikus<\/strong><\/p>\n<p style=\"text-align: justify;\">A vil\u00e1gh\u00edr\u0171 fizikus munkakapcsolatban \u00e1ll dr. Ratkay Imola szem\u00e9szorvossal, aki 2003-ban vend\u00e9g\u00fcl is l\u00e1tta \u0151t feles\u00e9g\u00e9vel egy\u00fctt Szentendr\u00e9n. A Nobel-d\u00edjas fizikus el\u0151ad\u00e1s\u00e1n r\u00e9szt vett dr. Ratkay Imola szentendrei szem\u00e9sz f\u0151orvos, a Szentendr\u00e9n m\u0171k\u00f6d\u0151 DOC (Dunakanyar Orvosi Centrum) tulajdonosa is, aki Magyarorsz\u00e1gon ezen femtoszekundumos l\u00e9zertechnol\u00f3gia seb\u00e9szeti felhaszn\u00e1l\u00e1s\u00e1r\u00f3l 1999-ben tartotta meg els\u0151 el\u0151ad\u00e1s\u00e1t. \u0150 tesztelte pont 20 \u00e9vvel ezel\u0151tt Budapesten vil\u00e1gels\u0151k\u00e9nt azt a szem\u00e9szeti l\u00e9zert, melyet Mourou munk\u00e1ss\u00e1ga nyom\u00e1n a magyar tan\u00edtv\u00e1nya, Juh\u00e1sz Tibor fejlesztett ki. Az \u00e1ltala alkalmazott, \u00e9s a Szegedi Tudom\u00e1nyegyetemen is oktatott m\u00f3dszerrel mindezid\u00e1ig 19 milli\u00f3 korrekci\u00f3s szemm\u0171t\u00e9tet v\u00e9geztek el, \u00e9s 5 milli\u00f3 sz\u00fcrkeh\u00e1lyog-m\u0171t\u00e9tet hajtottak v\u00e9gre.<\/p>\n<p style=\"text-align: justify;\"><em><a href=\"https:\/\/szentendre.hu\/szentendren-is-jart-az-idei-nobel-dijas-fizikus\/\" target=\"_blank\" rel=\"noopener\">A teljes cikk\u00e9rt kattintson ide&#8230;<\/a><\/em><\/p>\n<p>&nbsp;<\/p>\n<p><strong>L\u00e9zerk\u00e9s \u00e9s &#8222;hull\u00e1mlovas elektronok&#8221;\u00a0<\/strong><\/p>\n<p style=\"text-align: justify;\">A Nobel-d\u00edjas fizikus eml\u00e9lkeztetett a szegedi &#8211; az el\u0151ad\u00f3teremben is jelen\u00a0l\u00e9v\u0151 &#8211; dr. Ratkay Imola szem\u00e9szorvos h\u00fasz \u00e9ve\u00a0tartotta els\u0151 el\u0151ad\u00e1s\u00e1t a l\u00e9zer seb\u00e9szeti alkalmaz\u00e1s\u00e1r\u00f3l. Az 1998-as\u00a0stokholmi prezent\u00e1ci\u00f3, illetve a femtoszekundumos l\u00e9zerrel v\u00e9gzett\u00a0beavatkoz\u00e1sok hat\u00e1s\u00e1t \u00e9rz\u00e9kelteti, hogy eddig 19 milli\u00f3 korrekci\u00f3s\u00a0szemm\u0171t\u00e9tet v\u00e9geztek el a szaruh\u00e1rty\u00e1n, 5 milli\u00f3 sz\u00fcrkeh\u00e1lyog m\u0171t\u00e9ttel\u00a0jav\u00edtott\u00e1k embert\u00e1rsaink \u00e9letmin\u0151s\u00e9g\u00e9t.<\/p>\n<p style=\"text-align: justify;\">A l\u00e9zerrel m\u00e1ig gy\u00f3gy\u00edt dr. Ratkay Imola szem\u00e9sz, aki e m\u00f3dszert oktatja is\u00a0a Szegedi Tudom\u00e1nyegyetem \u00c1ltal\u00e1nos Orvostudom\u00e1nyi Kar\u00e1n.<\/p>\n<p style=\"text-align: justify;\"><a href=\"http:\/\/www.u-szeged.hu\/sztehirek\/2018-november\/szegedi-egyetemen\" target=\"_blank\" rel=\"noopener\"><em>A teljes cikk\u00e9rt kattintson ide&#8230;<\/em><\/a><\/p>\n<!-- Facebook Members Plugin by Crunchify: http:\/\/Crunchify.com\/facebook-members\/ -->\r\n\t\t<div class=\"fb-recommendations-bar\" data-href=\"https:\/\/www.ratkayimola.hu\/?page_id=2670\" data-read-time=\"5\" data-side=\"\" data-action=\"like\"><\/div>","protected":false},"excerpt":{"rendered":"<p>IntraLasik= FEMTOLasik elj\u00e1r\u00e1s \u00a0PRK elj\u00e1r\u00e1s Visumax kezel\u00e9s A Visumax elj\u00e1r\u00e1s k\u00e9t l\u00e9nyeges szempontb\u00f3l k\u00fcl\u00f6nb\u00f6zik a LASIK illetve FEMTO\u00a0elj\u00e1r\u00e1sokt\u00f3l: Egyr\u00e9szt a szaruh\u00e1rtya hagymah\u00e9j szer\u0171 szerkezet\u00e9ben a h\u00e9j lemezeit t\u00f6k\u00e9letesen k\u00f6vetve v\u00e9gzi a v\u00e1g\u00e1st. T\u00f6k\u00e9letesebben, mint a hagyom\u00e1nyos FEMTO vagy LASIK, vagy\u00a0IntraLASIK. Ennek k\u00f6sz\u00f6nhet\u0151en a szaruh\u00e1rtya mechanikailag stabilabb marad. Kevesebb\u00a0ideg \u00e1tv\u00e1g\u00e1s\u00e1ra ker\u00fcl sor, \u00edgy a szemsz\u00e1razs\u00e1g is [&hellip;]<\/p>\n","protected":false},"author":1,"featured_media":0,"parent":0,"menu_order":0,"comment_status":"closed","ping_status":"closed","template":"","meta":{"ngg_post_thumbnail":0,"footnotes":""},"class_list":["post-2670","page","type-page","status-publish","hentry"],"_links":{"self":[{"href":"https:\/\/www.ratkayimola.hu\/index.php?rest_route=\/wp\/v2\/pages\/2670","targetHints":{"allow":["GET"]}}],"collection":[{"href":"https:\/\/www.ratkayimola.hu\/index.php?rest_route=\/wp\/v2\/pages"}],"about":[{"href":"https:\/\/www.ratkayimola.hu\/index.php?rest_route=\/wp\/v2\/types\/page"}],"author":[{"embeddable":true,"href":"https:\/\/www.ratkayimola.hu\/index.php?rest_route=\/wp\/v2\/users\/1"}],"replies":[{"embeddable":true,"href":"https:\/\/www.ratkayimola.hu\/index.php?rest_route=%2Fwp%2Fv2%2Fcomments&post=2670"}],"version-history":[{"count":22,"href":"https:\/\/www.ratkayimola.hu\/index.php?rest_route=\/wp\/v2\/pages\/2670\/revisions"}],"predecessor-version":[{"id":3132,"href":"https:\/\/www.ratkayimola.hu\/index.php?rest_route=\/wp\/v2\/pages\/2670\/revisions\/3132"}],"wp:attachment":[{"href":"https:\/\/www.ratkayimola.hu\/index.php?rest_route=%2Fwp%2Fv2%2Fmedia&parent=2670"}],"curies":[{"name":"wp","href":"https:\/\/api.w.org\/{rel}","templated":true}]}}