{"id":2772,"date":"2021-10-15T09:15:56","date_gmt":"2021-10-15T08:15:56","guid":{"rendered":"http:\/\/www.ratkayimola.hu\/?page_id=2772"},"modified":"2021-10-15T16:50:30","modified_gmt":"2021-10-15T15:50:30","slug":"a-journey-with-lasers-physics-at-high-intensities-konferencia","status":"publish","type":"page","link":"https:\/\/www.ratkayimola.hu\/?page_id=2772","title":{"rendered":"35 \u00e9ves a CPA-technol\u00f3gia"},"content":{"rendered":"<p style=\"text-align: justify;\"><a href=\"https:\/\/communication.polytechnique.fr\/35yearscpa\/\" target=\"_blank\">&#8222;A JOURNEY WITH LASERS &amp; PHYSICS AT HIGH INTENSITIES&#8221; konferencia programja<\/a><\/p>\n<p style=\"text-align: justify;\"><strong>2020. febru\u00e1r 14-\u00e9n P\u00e1rizs<\/strong>ban a <strong>CPA<\/strong>-technol\u00f3gia harminc\u00f6t\u00f6dik \u00e9vfordul\u00f3j\u00e1nak\u00a0alkalm\u00e1b\u00f3l megrendez\u00e9sre ker\u00fclt az <strong>&#8222;A JOURNEY WITH LASERS &amp; PHYSICS AT HIGH\u00a0INTENSITIES&#8221;<\/strong> nev\u0171 konferencia. <strong>G\u00e9rard Mourou<\/strong> \u00e9s <strong>Donna Strickland<\/strong> az elj\u00e1r\u00e1s\u00a0megalkot\u00f3i munk\u00e1ss\u00e1guk\u00e9rt <strong>2018<\/strong>-ban <strong>fizikai Nobel-d\u00edj<\/strong>at kaptak. G\u00e9rard Mourou\u00a0professzor felk\u00e9r\u00e9s\u00e9re Dr. Ratkay-Traub Imola &#8211; mint a femtoszekundumos\u00a0laser els\u0151 hum\u00e1n alkalmaz\u00f3ja &#8211; is el\u0151ad\u00e1st tartott.<\/p>\n<p style=\"text-align: justify;\"><strong>Dr. Ratkay-Traub Imola szem\u00e9sz f\u0151orvos<\/strong> 1990-ben els\u0151k\u00e9nt csatlakozott az\u00a0els\u0151 Magyar Excimer L\u00e9zer Kutat\u00f3csoporthoz. Az els\u0151k k\u00f6z\u00f6tt volt\u00a0Magyarorsz\u00e1gon, aki LASIK beavatkoz\u00e1st hajtott v\u00e9gre. A vil\u00e1gon el\u0151sz\u00f6r\u00a0v\u00e9gzett a corne\u00e1n 1998-ban intrastrom\u00e1lis ablaci\u00f3t, majd 1999-ben\u00a0femtoszekundumos l\u00e9zerrel v\u00e1gott &#8211; lebenyt <strong>FemtoLasik=IntraLasik<\/strong> m\u0171t\u00e9thez\u00a0r\u00f6vidl\u00e1t\u00f3 \u00e9s t\u00fall\u00e1t\u00f3 p\u00e1ciensek kezel\u00e9s\u00e9re, &#8211; lebenyt \u00e9s intrastrom\u00e1lis\u00a0lencs\u00e9t nagyfok\u00fa r\u00f6vidl\u00e1t\u00f3k kezel\u00e9s\u00e9re (<strong>FLK<\/strong>), valamint intracorne\u00e1lis\u00a0gy\u0171r\u0171be\u00fcltet\u00e9st (<strong>ICR<\/strong>) v\u00e9gzett. 2001-ben kapta meg az IntraLase c\u00e9g a\u00a0corne\u00e1ban lebenyv\u00e1g\u00e1shoz (IL) \u00e9s alag\u00fat-v\u00e1g\u00e1shoz (ICR) az FDA enged\u00e9lyt.\u00a0Az\u00f3ta <strong>femtoszekundumos l\u00e9zerrel a szaruh\u00e1rty\u00e1ban<\/strong> t\u00f6bb mint 19 milli\u00f3 m\u0171t\u00e9tet\u00a0v\u00e9geztek vil\u00e1gszerte. Ezen ter\u00fcleten kifejtett <strong>\u00fatt\u00f6r\u0151 munk\u00e1ss\u00e1g<\/strong>\u00e1\u00e9rt mondott\u00a0k\u00f6sz\u00f6netet a Nobel-d\u00edjas professzor <strong>Ratkay Imola szem\u00e9sz f\u0151orvos<\/strong>nak \u00e9s\u00a0<strong>Juh\u00e1sz Tibor fizikus professzor<\/strong>nak, aki az \u00e1ltaluk el\u0151\u00e1ll\u00edtott ultragyors\u00a0hull\u00e1m\u00fa l\u00e9zerb\u0151l szem\u00e9szeti l\u00e9zereket fejlesztett ki.<\/p>\n<table width=\"800\">\n<tbody>\n<tr>\n<td>\u00a0<a href=\"http:\/\/www.ratkayimola.hu\/wp-content\/uploads\/2021\/10\/104205763_4315631205114495_388838612793968220_n.png\"><img loading=\"lazy\" decoding=\"async\" class=\"alignleft size-full wp-image-2775\" src=\"http:\/\/www.ratkayimola.hu\/wp-content\/uploads\/2021\/10\/104205763_4315631205114495_388838612793968220_n.png\" alt=\"104205763_4315631205114495_388838612793968220_n\" width=\"613\" height=\"459\" srcset=\"https:\/\/www.ratkayimola.hu\/wp-content\/uploads\/2021\/10\/104205763_4315631205114495_388838612793968220_n.png 613w, https:\/\/www.ratkayimola.hu\/wp-content\/uploads\/2021\/10\/104205763_4315631205114495_388838612793968220_n-300x224.png 300w\" sizes=\"auto, (max-width: 613px) 100vw, 613px\" \/><\/a><\/td>\n<td><\/td>\n<td>\u00a0<a href=\"http:\/\/www.ratkayimola.hu\/wp-content\/uploads\/2021\/10\/104264207_4315630498447899_4071613972038422880_n.png\"><img loading=\"lazy\" decoding=\"async\" class=\"alignleft size-full wp-image-2776\" src=\"http:\/\/www.ratkayimola.hu\/wp-content\/uploads\/2021\/10\/104264207_4315630498447899_4071613972038422880_n.png\" alt=\"104264207_4315630498447899_4071613972038422880_n\" width=\"574\" height=\"430\" srcset=\"https:\/\/www.ratkayimola.hu\/wp-content\/uploads\/2021\/10\/104264207_4315630498447899_4071613972038422880_n.png 574w, https:\/\/www.ratkayimola.hu\/wp-content\/uploads\/2021\/10\/104264207_4315630498447899_4071613972038422880_n-300x224.png 300w\" sizes=\"auto, (max-width: 574px) 100vw, 574px\" \/><\/a><\/td>\n<\/tr>\n<tr>\n<td>\u00a0<a href=\"http:\/\/www.ratkayimola.hu\/wp-content\/uploads\/2021\/10\/104238651_4315632158447733_2013352879271983735_n.png\"><img loading=\"lazy\" decoding=\"async\" class=\"alignleft size-full wp-image-2773\" src=\"http:\/\/www.ratkayimola.hu\/wp-content\/uploads\/2021\/10\/104238651_4315632158447733_2013352879271983735_n.png\" alt=\"104238651_4315632158447733_2013352879271983735_n\" width=\"618\" height=\"463\" srcset=\"https:\/\/www.ratkayimola.hu\/wp-content\/uploads\/2021\/10\/104238651_4315632158447733_2013352879271983735_n.png 618w, https:\/\/www.ratkayimola.hu\/wp-content\/uploads\/2021\/10\/104238651_4315632158447733_2013352879271983735_n-300x224.png 300w\" sizes=\"auto, (max-width: 618px) 100vw, 618px\" \/><\/a><\/td>\n<td><\/td>\n<td>\u00a0<a href=\"http:\/\/www.ratkayimola.hu\/wp-content\/uploads\/2021\/10\/83346623_4315631598447789_6367883422180979854_n.png\"><img loading=\"lazy\" decoding=\"async\" class=\"alignleft size-full wp-image-2774\" src=\"http:\/\/www.ratkayimola.hu\/wp-content\/uploads\/2021\/10\/83346623_4315631598447789_6367883422180979854_n.png\" alt=\"83346623_4315631598447789_6367883422180979854_n\" width=\"617\" height=\"463\" srcset=\"https:\/\/www.ratkayimola.hu\/wp-content\/uploads\/2021\/10\/83346623_4315631598447789_6367883422180979854_n.png 617w, https:\/\/www.ratkayimola.hu\/wp-content\/uploads\/2021\/10\/83346623_4315631598447789_6367883422180979854_n-300x225.png 300w\" sizes=\"auto, (max-width: 617px) 100vw, 617px\" \/><\/a><\/td>\n<\/tr>\n<\/tbody>\n<\/table>\n<!-- Facebook Members Plugin by Crunchify: http:\/\/Crunchify.com\/facebook-members\/ -->\r\n\t\t<div class=\"fb-recommendations-bar\" data-href=\"https:\/\/www.ratkayimola.hu\/?page_id=2772\" data-read-time=\"5\" data-side=\"\" data-action=\"like\"><\/div>","protected":false},"excerpt":{"rendered":"<p>&#8222;A JOURNEY WITH LASERS &amp; PHYSICS AT HIGH INTENSITIES&#8221; konferencia programja 2020. febru\u00e1r 14-\u00e9n P\u00e1rizsban a CPA-technol\u00f3gia harminc\u00f6t\u00f6dik \u00e9vfordul\u00f3j\u00e1nak\u00a0alkalm\u00e1b\u00f3l megrendez\u00e9sre ker\u00fclt az &#8222;A JOURNEY WITH LASERS &amp; PHYSICS AT HIGH\u00a0INTENSITIES&#8221; nev\u0171 konferencia. G\u00e9rard Mourou \u00e9s Donna Strickland az elj\u00e1r\u00e1s\u00a0megalkot\u00f3i munk\u00e1ss\u00e1guk\u00e9rt 2018-ban fizikai Nobel-d\u00edjat kaptak. G\u00e9rard Mourou\u00a0professzor felk\u00e9r\u00e9s\u00e9re Dr. Ratkay-Traub Imola &#8211; mint a femtoszekundumos\u00a0laser els\u0151 [&hellip;]<\/p>\n","protected":false},"author":1,"featured_media":0,"parent":0,"menu_order":0,"comment_status":"closed","ping_status":"closed","template":"","meta":{"ngg_post_thumbnail":0,"footnotes":""},"class_list":["post-2772","page","type-page","status-publish","hentry"],"_links":{"self":[{"href":"https:\/\/www.ratkayimola.hu\/index.php?rest_route=\/wp\/v2\/pages\/2772","targetHints":{"allow":["GET"]}}],"collection":[{"href":"https:\/\/www.ratkayimola.hu\/index.php?rest_route=\/wp\/v2\/pages"}],"about":[{"href":"https:\/\/www.ratkayimola.hu\/index.php?rest_route=\/wp\/v2\/types\/page"}],"author":[{"embeddable":true,"href":"https:\/\/www.ratkayimola.hu\/index.php?rest_route=\/wp\/v2\/users\/1"}],"replies":[{"embeddable":true,"href":"https:\/\/www.ratkayimola.hu\/index.php?rest_route=%2Fwp%2Fv2%2Fcomments&post=2772"}],"version-history":[{"count":10,"href":"https:\/\/www.ratkayimola.hu\/index.php?rest_route=\/wp\/v2\/pages\/2772\/revisions"}],"predecessor-version":[{"id":2788,"href":"https:\/\/www.ratkayimola.hu\/index.php?rest_route=\/wp\/v2\/pages\/2772\/revisions\/2788"}],"wp:attachment":[{"href":"https:\/\/www.ratkayimola.hu\/index.php?rest_route=%2Fwp%2Fv2%2Fmedia&parent=2772"}],"curies":[{"name":"wp","href":"https:\/\/api.w.org\/{rel}","templated":true}]}}